{"id":178,"date":"2020-05-03T23:34:09","date_gmt":"2020-05-03T22:34:09","guid":{"rendered":"http:\/\/192.168.122.102\/?page_id=178"},"modified":"2025-10-15T16:46:22","modified_gmt":"2025-10-15T14:46:22","slug":"kontakt","status":"publish","type":"page","link":"https:\/\/jumkil.net\/index.php\/kontakt\/","title":{"rendered":"Kontakt"},"content":{"rendered":"\n<p>F\u00f6rfr\u00e5gningar g\u00e4llande nya anslutningar skickas till <a href=\"mailto:info@jumkil.net\">info@jumkil.net<\/a><\/p>\n\n\n\n<p>Styrelsen best\u00e5r idag av f\u00f6ljande personer:<\/p>\n\n\n\n<ul class=\"wp-block-list\">\n<li>Jakob von Engestr\u00f6m, ordf\u00f6rande<\/li>\n\n\n\n<li>Patrik Larsson, vice ordf\u00f6rande<\/li>\n\n\n\n<li>Ann-Christine Ahl, sekreterare<\/li>\n\n\n\n<li>PJ Sintring, kass\u00f6r<\/li>\n<\/ul>\n\n\n\n<p>Kontakt med styrelsen sker via mail till <a href=\"mailto:info@jumkil.net\">info@jumkil.net<\/a>.<\/p>\n","protected":false},"excerpt":{"rendered":"<p>F\u00f6rfr\u00e5gningar g\u00e4llande nya anslutningar skickas till info@jumkil.net Styrelsen best\u00e5r idag av f\u00f6ljande personer: Kontakt med styrelsen sker via mail till info@jumkil.net.<\/p>\n","protected":false},"author":1,"featured_media":0,"parent":0,"menu_order":0,"comment_status":"closed","ping_status":"closed","template":"","meta":{"footnotes":""},"class_list":["post-178","page","type-page","status-publish","hentry"],"_links":{"self":[{"href":"https:\/\/jumkil.net\/index.php\/wp-json\/wp\/v2\/pages\/178","targetHints":{"allow":["GET"]}}],"collection":[{"href":"https:\/\/jumkil.net\/index.php\/wp-json\/wp\/v2\/pages"}],"about":[{"href":"https:\/\/jumkil.net\/index.php\/wp-json\/wp\/v2\/types\/page"}],"author":[{"embeddable":true,"href":"https:\/\/jumkil.net\/index.php\/wp-json\/wp\/v2\/users\/1"}],"replies":[{"embeddable":true,"href":"https:\/\/jumkil.net\/index.php\/wp-json\/wp\/v2\/comments?post=178"}],"version-history":[{"count":2,"href":"https:\/\/jumkil.net\/index.php\/wp-json\/wp\/v2\/pages\/178\/revisions"}],"predecessor-version":[{"id":478,"href":"https:\/\/jumkil.net\/index.php\/wp-json\/wp\/v2\/pages\/178\/revisions\/478"}],"wp:attachment":[{"href":"https:\/\/jumkil.net\/index.php\/wp-json\/wp\/v2\/media?parent=178"}],"curies":[{"name":"wp","href":"https:\/\/api.w.org\/{rel}","templated":true}]}}