{"id":180,"date":"2020-05-03T23:34:23","date_gmt":"2020-05-03T22:34:23","guid":{"rendered":"http:\/\/192.168.122.102\/?page_id=180"},"modified":"2026-04-02T10:17:42","modified_gmt":"2026-04-02T08:17:42","slug":"information","status":"publish","type":"page","link":"https:\/\/jumkil.net\/index.php\/information\/","title":{"rendered":"Information"},"content":{"rendered":"\n<p>S\u00f6dra Jumkils fiberf\u00f6rening bildades den 2\/6 2015 i syfte att bedriva fiberutbyggnad i omr\u00e5det samt f\u00f6rvalta infrastrukturen \u00f6ver tiden. <\/p>\n\n\n\n<p>F\u00f6r n\u00e4rvarande omfattar omr\u00e5det ca 500 hush\u00e5ll och 10 mil kanalisation. F\u00f6reningen har upphandlat Eltel Networks att ansvara f\u00f6r anl\u00e4ggandet av n\u00e4tet i en totalentreprenad och IP-Only levererar tj\u00e4nster till idag anslutna abonnenter.<\/p>\n\n\n\n<div class=\"wp-block-file\"><a id=\"wp-block-file--media-52947b0c-b85c-43cc-bed9-a57b0b4aec88\" href=\"https:\/\/jumkil.net\/wp-content\/uploads\/2025\/09\/Stadgar-Sodra-Jumkils-fiberforening-antagna-2022-04-20.pdf\">Stadgar 2022-04-20<\/a><a href=\"https:\/\/jumkil.net\/wp-content\/uploads\/2025\/09\/Stadgar-Sodra-Jumkils-fiberforening-antagna-2022-04-20.pdf\" class=\"wp-block-file__button wp-element-button\" download aria-describedby=\"wp-block-file--media-52947b0c-b85c-43cc-bed9-a57b0b4aec88\">Ladda ner<\/a><\/div>\n\n\n\n<div class=\"wp-block-file\"><a id=\"wp-block-file--media-bd5316e9-396a-4a95-9373-49a8ccf07471\" href=\"https:\/\/jumkil.net\/wp-content\/uploads\/2025\/09\/Allmanna-villkor-Sodra-Jumkil-fiberforening-ver-1.1.pdf\">Allm\u00e4nna villkor v1.1<\/a><a href=\"https:\/\/jumkil.net\/wp-content\/uploads\/2025\/09\/Allmanna-villkor-Sodra-Jumkil-fiberforening-ver-1.1.pdf\" class=\"wp-block-file__button wp-element-button\" download aria-describedby=\"wp-block-file--media-bd5316e9-396a-4a95-9373-49a8ccf07471\">Ladda ner<\/a><\/div>\n\n\n\n<div class=\"wp-block-file\"><a id=\"wp-block-file--media-52947b0c-b85c-43cc-bed9-a57b0b4aec88\" href=\"https:\/\/jumkil.net\/wp-content\/uploads\/2025\/09\/Mall-Overlatelse-av-anslutning-andelar-i-foreningen-v4.0-justerad-2020-04-17.docx\">Mall &#8211; \u00d6verl\u00e5telse av befintlig anslutning<\/a><a href=\"https:\/\/jumkil.net\/wp-content\/uploads\/2025\/09\/Mall-Overlatelse-av-anslutning-andelar-i-foreningen-v4.0-justerad-2020-04-17.docx\" class=\"wp-block-file__button wp-element-button\" download aria-describedby=\"wp-block-file--media-52947b0c-b85c-43cc-bed9-a57b0b4aec88\">Ladda ner<\/a><\/div>\n\n\n\n<div class=\"wp-block-file\"><a id=\"wp-block-file--media-5bddeda4-af7c-43f0-9209-caad3014af13\" href=\"https:\/\/jumkil.net\/wp-content\/uploads\/2026\/04\/SJFF-arsstamma-2026-kallelse-och-forslag-till-dagordning.pdf\">Kallelse 2026 \u00e5rsst\u00e4mma och dagordning<\/a><a href=\"https:\/\/jumkil.net\/wp-content\/uploads\/2026\/04\/SJFF-arsstamma-2026-kallelse-och-forslag-till-dagordning.pdf\" class=\"wp-block-file__button wp-element-button\" download aria-describedby=\"wp-block-file--media-5bddeda4-af7c-43f0-9209-caad3014af13\">Ladda ner<\/a><\/div>\n\n\n\n<div class=\"wp-block-file\"><a id=\"wp-block-file--media-96214a2c-866a-409d-b48e-06faa4a62d80\" href=\"https:\/\/jumkil.net\/wp-content\/uploads\/2026\/04\/SJFF-arsstamma-2026-VBs-forslag.pdf\">Valberedningens f\u00f6rslag till st\u00e4mma 2026<\/a><a href=\"https:\/\/jumkil.net\/wp-content\/uploads\/2026\/04\/SJFF-arsstamma-2026-VBs-forslag.pdf\" class=\"wp-block-file__button wp-element-button\" download aria-describedby=\"wp-block-file--media-96214a2c-866a-409d-b48e-06faa4a62d80\">Ladda ner<\/a><\/div>\n\n\n\n<div class=\"wp-block-file\"><a id=\"wp-block-file--media-cae56b9a-93f6-4986-818f-12220d721187\" href=\"https:\/\/jumkil.net\/wp-content\/uploads\/2026\/04\/AR-Sodra-Jumkils-Fiberforening-ekonomisk-forening-for-20250101-20251231sign.pdf\">\u00c5rsredovisning 2025<\/a><a href=\"https:\/\/jumkil.net\/wp-content\/uploads\/2026\/04\/AR-Sodra-Jumkils-Fiberforening-ekonomisk-forening-for-20250101-20251231sign.pdf\" class=\"wp-block-file__button wp-element-button\" download aria-describedby=\"wp-block-file--media-cae56b9a-93f6-4986-818f-12220d721187\">Ladda ner<\/a><\/div>\n\n\n\n<div class=\"wp-block-file\"><a id=\"wp-block-file--media-b9c37149-b5df-42a9-99af-5e57913f870e\" href=\"https:\/\/jumkil.net\/wp-content\/uploads\/2026\/04\/Revisionsberattelse-for-2025.pdf\">Revisionsber\u00e4ttelse 2025<\/a><a href=\"https:\/\/jumkil.net\/wp-content\/uploads\/2026\/04\/Revisionsberattelse-for-2025.pdf\" class=\"wp-block-file__button wp-element-button\" download aria-describedby=\"wp-block-file--media-b9c37149-b5df-42a9-99af-5e57913f870e\">Ladda ner<\/a><\/div>\n\n\n\n<div class=\"wp-block-file\"><a id=\"wp-block-file--media-ba672912-7a28-4829-af0e-2c2f95ac516c\" href=\"https:\/\/jumkil.net\/wp-content\/uploads\/2025\/09\/Protokoll-foreningsstamma-2025-06-26-signerad.pdf\">Protokoll \u00e5rsst\u00e4mma 2025-06-26<\/a><a href=\"https:\/\/jumkil.net\/wp-content\/uploads\/2025\/09\/Protokoll-foreningsstamma-2025-06-26-signerad.pdf\" class=\"wp-block-file__button wp-element-button\" download aria-describedby=\"wp-block-file--media-ba672912-7a28-4829-af0e-2c2f95ac516c\">Ladda ner<\/a><\/div>\n\n\n\n<figure class=\"wp-block-image size-large is-resized\"><img decoding=\"async\" src=\"http:\/\/jumkil.net\/wp-content\/uploads\/2020\/07\/EU-logo-jordbruksfonden-farg.jpg\" alt=\"EU Jordbruksfonden\" class=\"wp-image-224\"\/><figcaption class=\"wp-element-caption\">Genom insatser i f\u00f6reningen samt bidrag fr\u00e5n EU finansieras etableringen av n\u00e4tet.<\/figcaption><\/figure>\n\n\n\n<p><\/p>\n","protected":false},"excerpt":{"rendered":"<p>S\u00f6dra Jumkils fiberf\u00f6rening bildades den 2\/6 2015 i syfte att bedriva fiberutbyggnad i omr\u00e5det samt f\u00f6rvalta infrastrukturen \u00f6ver tiden. F\u00f6r n\u00e4rvarande omfattar omr\u00e5det ca 500 hush\u00e5ll och 10 mil kanalisation. F\u00f6reningen har upphandlat Eltel Networks att ansvara f\u00f6r anl\u00e4ggandet av n\u00e4tet i en totalentreprenad och IP-Only levererar tj\u00e4nster till idag anslutna abonnenter.<\/p>\n","protected":false},"author":1,"featured_media":0,"parent":0,"menu_order":0,"comment_status":"closed","ping_status":"closed","template":"","meta":{"footnotes":""},"class_list":["post-180","page","type-page","status-publish","hentry"],"_links":{"self":[{"href":"https:\/\/jumkil.net\/index.php\/wp-json\/wp\/v2\/pages\/180","targetHints":{"allow":["GET"]}}],"collection":[{"href":"https:\/\/jumkil.net\/index.php\/wp-json\/wp\/v2\/pages"}],"about":[{"href":"https:\/\/jumkil.net\/index.php\/wp-json\/wp\/v2\/types\/page"}],"author":[{"embeddable":true,"href":"https:\/\/jumkil.net\/index.php\/wp-json\/wp\/v2\/users\/1"}],"replies":[{"embeddable":true,"href":"https:\/\/jumkil.net\/index.php\/wp-json\/wp\/v2\/comments?post=180"}],"version-history":[{"count":8,"href":"https:\/\/jumkil.net\/index.php\/wp-json\/wp\/v2\/pages\/180\/revisions"}],"predecessor-version":[{"id":487,"href":"https:\/\/jumkil.net\/index.php\/wp-json\/wp\/v2\/pages\/180\/revisions\/487"}],"wp:attachment":[{"href":"https:\/\/jumkil.net\/index.php\/wp-json\/wp\/v2\/media?parent=180"}],"curies":[{"name":"wp","href":"https:\/\/api.w.org\/{rel}","templated":true}]}}